{"id":98,"date":"2018-01-10T17:48:00","date_gmt":"2018-01-10T17:48:00","guid":{"rendered":"http:\/\/centrooncologicodelnorte.cl\/?page_id=98"},"modified":"2018-01-10T17:48:00","modified_gmt":"2018-01-10T17:48:00","slug":"alivio-del-dolor-y-cuidados-paliativos","status":"publish","type":"page","link":"https:\/\/centrooncologicodelnorte.cl\/?page_id=98","title":{"rendered":"Alivio del dolor y Cuidados Paliativos"},"content":{"rendered":"<p>El Centro Oncol\u00f3gico de Antofagasta, cuenta con una unidad de AD y CP, donde los pacientes son derivados por la red comunal e ingresados por la enfermera para ser evaluados de forma integral para continuar con su control y seguimiento. En su staff cuenta con m\u00e9dicos especializados en el \u00e1rea, enfermeras, asistente social, nutricionista, psic\u00f3logo y T\u00e9cnicos nivel superior.<\/p>\n<p>Esta unidad tiene como objetivo proporcionar cuidados al paciente y su familia para que el proceso del fin de la vida sea de forma humanizada y digna. El programa considera la atenci\u00f3n domiciliaria en caso de ser requerido. Se cuenta con m\u00f3vil dedicado para estos fines.<\/p>\n","protected":false},"excerpt":{"rendered":"<p>El Centro Oncol\u00f3gico de Antofagasta, cuenta con una unidad de AD y CP, donde los pacientes son derivados por la red comunal e ingresados por la enfermera para ser evaluados de forma integral para continuar con su control y seguimiento. En su staff cuenta con m\u00e9dicos especializados en el \u00e1rea, enfermeras, asistente social, nutricionista, psic\u00f3logo [&hellip;]<\/p>\n","protected":false},"author":1,"featured_media":0,"parent":47,"menu_order":1,"comment_status":"closed","ping_status":"closed","template":"","meta":{"footnotes":""},"class_list":["post-98","page","type-page","status-publish","hentry"],"_links":{"self":[{"href":"https:\/\/centrooncologicodelnorte.cl\/index.php?rest_route=\/wp\/v2\/pages\/98","targetHints":{"allow":["GET"]}}],"collection":[{"href":"https:\/\/centrooncologicodelnorte.cl\/index.php?rest_route=\/wp\/v2\/pages"}],"about":[{"href":"https:\/\/centrooncologicodelnorte.cl\/index.php?rest_route=\/wp\/v2\/types\/page"}],"author":[{"embeddable":true,"href":"https:\/\/centrooncologicodelnorte.cl\/index.php?rest_route=\/wp\/v2\/users\/1"}],"replies":[{"embeddable":true,"href":"https:\/\/centrooncologicodelnorte.cl\/index.php?rest_route=%2Fwp%2Fv2%2Fcomments&post=98"}],"version-history":[{"count":1,"href":"https:\/\/centrooncologicodelnorte.cl\/index.php?rest_route=\/wp\/v2\/pages\/98\/revisions"}],"predecessor-version":[{"id":99,"href":"https:\/\/centrooncologicodelnorte.cl\/index.php?rest_route=\/wp\/v2\/pages\/98\/revisions\/99"}],"up":[{"embeddable":true,"href":"https:\/\/centrooncologicodelnorte.cl\/index.php?rest_route=\/wp\/v2\/pages\/47"}],"wp:attachment":[{"href":"https:\/\/centrooncologicodelnorte.cl\/index.php?rest_route=%2Fwp%2Fv2%2Fmedia&parent=98"}],"curies":[{"name":"wp","href":"https:\/\/api.w.org\/{rel}","templated":true}]}}