{"id":90,"date":"2018-01-10T17:39:48","date_gmt":"2018-01-10T17:39:48","guid":{"rendered":"http:\/\/centrooncologicodelnorte.cl\/?page_id=90"},"modified":"2018-01-10T17:46:40","modified_gmt":"2018-01-10T17:46:40","slug":"radioterapia","status":"publish","type":"page","link":"https:\/\/centrooncologicodelnorte.cl\/?page_id=90","title":{"rendered":"Radioterapia"},"content":{"rendered":"<h4><strong>Unidad de Radioterapia<\/strong><\/h4>\n<p style=\"padding-left: 30px;\">a) La unidad de radioterapia ofrece tratamiento curativo y paliativo a los usuarios, para ello posee 2 aceleradores lineales de electrones de mediana y alta energ\u00eda. Se cuenta con instalaciones y normativas de operaci\u00f3n y protecci\u00f3n radiol\u00f3gica de acuerdo a la normativa actual bajo la vigilancia de CCHEN. Se cuenta con equipo de Braquiterapia de alta dosis de radiaci\u00f3n. En su equipo se encuentran profesionales m\u00e9dicos radioterapeutas, f\u00edsicos m\u00e9dicos, tecn\u00f3logos m\u00e9dicos especializados, enfermeras y TENS. Esta unidad tiene anualmente un promedio de 700 ingresos.<\/p>\n<p>La unidad de Radioterapia tambi\u00e9n ofrece tratamientos de radiaci\u00f3n interna llamada Braquiterapia la que se realiza en un pabell\u00f3n adecuado para aquello. En su staff cuenta con m\u00e9dicos especializados en el \u00e1rea, Anestesista, enfermeras y T\u00e9cnicos de enfermer\u00eda nivel superior, (TENS).<\/p>\n<p>se tratan con este procedimiento aproximadamente 68 pacientes por a\u00f1o y a 241 procedimientos<strong>.<\/strong><\/p>\n<p><img loading=\"lazy\" decoding=\"async\" class=\"alignnone size-full wp-image-91\" src=\"http:\/\/centrooncologicodelnorte.cl\/wp-content\/uploads\/2018\/01\/Radioterapia.png\" alt=\"\" width=\"417\" height=\"511\" srcset=\"https:\/\/centrooncologicodelnorte.cl\/wp-content\/uploads\/2018\/01\/Radioterapia.png 417w, https:\/\/centrooncologicodelnorte.cl\/wp-content\/uploads\/2018\/01\/Radioterapia-245x300.png 245w\" sizes=\"auto, (max-width: 417px) 100vw, 417px\" \/><\/p>\n<p>&nbsp;<\/p>\n<p style=\"padding-left: 30px;\">b)\u00c1rea Braquiterapia<\/p>\n<p>La <strong>braquiterapia<\/strong> involucra la colocaci\u00f3n de un material radioactivo directamente dentro o cerca del tumor en el c\u00e1ncer c\u00e9rvico uterino. La <strong>braquiterapia<\/strong>, tambi\u00e9n llamada terapia de radiaci\u00f3n interna, permite al m\u00e9dico usar una dosis total m\u00e1s alta, para tratar a un \u00e1rea m\u00e1s peque\u00f1a, y en menor tiempo que con el tratamiento de radioterapia externa<\/p>\n<p>La unidad cuenta con 1 equipo de carga diferida remota de alta tasa de dosis.<\/p>\n<p><strong>Rendimiento:<\/strong> intervenci\u00f3n 45 min por paciente, procedimiento completo 2 horas por paciente, 3 pacientes d\u00eda m\u00e1ximo.<\/p>\n<p><strong>\u00a0<img loading=\"lazy\" decoding=\"async\" class=\"alignnone size-full wp-image-92\" src=\"http:\/\/centrooncologicodelnorte.cl\/wp-content\/uploads\/2018\/01\/braquiterapia.png\" alt=\"\" width=\"330\" height=\"440\" srcset=\"https:\/\/centrooncologicodelnorte.cl\/wp-content\/uploads\/2018\/01\/braquiterapia.png 330w, https:\/\/centrooncologicodelnorte.cl\/wp-content\/uploads\/2018\/01\/braquiterapia-225x300.png 225w\" sizes=\"auto, (max-width: 330px) 100vw, 330px\" \/><\/strong><\/p>\n","protected":false},"excerpt":{"rendered":"<p>Unidad de Radioterapia a) La unidad de radioterapia ofrece tratamiento curativo y paliativo a los usuarios, para ello posee 2 aceleradores lineales de electrones de mediana y alta energ\u00eda. Se cuenta con instalaciones y normativas de operaci\u00f3n y protecci\u00f3n radiol\u00f3gica de acuerdo a la normativa actual bajo la vigilancia de CCHEN. Se cuenta con equipo [&hellip;]<\/p>\n","protected":false},"author":1,"featured_media":0,"parent":47,"menu_order":0,"comment_status":"closed","ping_status":"closed","template":"","meta":{"footnotes":""},"class_list":["post-90","page","type-page","status-publish","hentry"],"_links":{"self":[{"href":"https:\/\/centrooncologicodelnorte.cl\/index.php?rest_route=\/wp\/v2\/pages\/90","targetHints":{"allow":["GET"]}}],"collection":[{"href":"https:\/\/centrooncologicodelnorte.cl\/index.php?rest_route=\/wp\/v2\/pages"}],"about":[{"href":"https:\/\/centrooncologicodelnorte.cl\/index.php?rest_route=\/wp\/v2\/types\/page"}],"author":[{"embeddable":true,"href":"https:\/\/centrooncologicodelnorte.cl\/index.php?rest_route=\/wp\/v2\/users\/1"}],"replies":[{"embeddable":true,"href":"https:\/\/centrooncologicodelnorte.cl\/index.php?rest_route=%2Fwp%2Fv2%2Fcomments&post=90"}],"version-history":[{"count":3,"href":"https:\/\/centrooncologicodelnorte.cl\/index.php?rest_route=\/wp\/v2\/pages\/90\/revisions"}],"predecessor-version":[{"id":97,"href":"https:\/\/centrooncologicodelnorte.cl\/index.php?rest_route=\/wp\/v2\/pages\/90\/revisions\/97"}],"up":[{"embeddable":true,"href":"https:\/\/centrooncologicodelnorte.cl\/index.php?rest_route=\/wp\/v2\/pages\/47"}],"wp:attachment":[{"href":"https:\/\/centrooncologicodelnorte.cl\/index.php?rest_route=%2Fwp%2Fv2%2Fmedia&parent=90"}],"curies":[{"name":"wp","href":"https:\/\/api.w.org\/{rel}","templated":true}]}}