{"id":53,"date":"2018-01-04T17:24:47","date_gmt":"2018-01-04T17:24:47","guid":{"rendered":"http:\/\/centrooncologicodelnorte.cl\/?page_id=53"},"modified":"2024-09-17T13:18:17","modified_gmt":"2024-09-17T13:18:17","slug":"trabaje-con-nosotros","status":"publish","type":"page","link":"https:\/\/centrooncologicodelnorte.cl\/?page_id=53","title":{"rendered":"Trabaje con Nosotros"},"content":{"rendered":"<p><b>La Unidad de Recursos Humanos informa:<\/b><\/p>\n<p>Publicado 17\/09\/2024<\/p>\n<ul>\n<li>01 Cargo de M\u00e9dico Cirujano con Especialidad Oncolog\u00eda M\u00e9dica, para desempe\u00f1ar funciones en el Centro Oncol\u00f3gico de Antofagasta. Descargar aviso\u00a0<a href=\"http:\/\/centrooncologicodelnorte.cl\/wp-content\/uploads\/2024\/09\/DD_1613381_240906_P.pdf\" target=\"_blank\" rel=\"noopener\">Aqu\u00ed<\/a>.<\/li>\n<\/ul>\n","protected":false},"excerpt":{"rendered":"<p>La Unidad de Recursos Humanos informa: Publicado 17\/09\/2024 01 Cargo de M\u00e9dico Cirujano con Especialidad Oncolog\u00eda M\u00e9dica, para desempe\u00f1ar funciones en el Centro Oncol\u00f3gico de Antofagasta. Descargar aviso\u00a0Aqu\u00ed.<\/p>\n","protected":false},"author":1,"featured_media":244,"parent":0,"menu_order":0,"comment_status":"closed","ping_status":"closed","template":"","meta":{"footnotes":""},"class_list":["post-53","page","type-page","status-publish","has-post-thumbnail","hentry"],"_links":{"self":[{"href":"https:\/\/centrooncologicodelnorte.cl\/index.php?rest_route=\/wp\/v2\/pages\/53","targetHints":{"allow":["GET"]}}],"collection":[{"href":"https:\/\/centrooncologicodelnorte.cl\/index.php?rest_route=\/wp\/v2\/pages"}],"about":[{"href":"https:\/\/centrooncologicodelnorte.cl\/index.php?rest_route=\/wp\/v2\/types\/page"}],"author":[{"embeddable":true,"href":"https:\/\/centrooncologicodelnorte.cl\/index.php?rest_route=\/wp\/v2\/users\/1"}],"replies":[{"embeddable":true,"href":"https:\/\/centrooncologicodelnorte.cl\/index.php?rest_route=%2Fwp%2Fv2%2Fcomments&post=53"}],"version-history":[{"count":17,"href":"https:\/\/centrooncologicodelnorte.cl\/index.php?rest_route=\/wp\/v2\/pages\/53\/revisions"}],"predecessor-version":[{"id":2007,"href":"https:\/\/centrooncologicodelnorte.cl\/index.php?rest_route=\/wp\/v2\/pages\/53\/revisions\/2007"}],"wp:featuredmedia":[{"embeddable":true,"href":"https:\/\/centrooncologicodelnorte.cl\/index.php?rest_route=\/wp\/v2\/media\/244"}],"wp:attachment":[{"href":"https:\/\/centrooncologicodelnorte.cl\/index.php?rest_route=%2Fwp%2Fv2%2Fmedia&parent=53"}],"curies":[{"name":"wp","href":"https:\/\/api.w.org\/{rel}","templated":true}]}}