{"id":47,"date":"2018-01-04T17:23:12","date_gmt":"2018-01-04T17:23:12","guid":{"rendered":"http:\/\/centrooncologicodelnorte.cl\/?page_id=47"},"modified":"2018-01-10T17:45:37","modified_gmt":"2018-01-10T17:45:37","slug":"servicios-clinicos","status":"publish","type":"page","link":"https:\/\/centrooncologicodelnorte.cl\/?page_id=47","title":{"rendered":"Unidades Cl\u00ednicas"},"content":{"rendered":"<p>El Centro Oncol\u00f3gico Norte, tiene una producci\u00f3n total aproximada de m\u00e1s de 8.000 prestaciones por a\u00f1o, (se proyectan m\u00e1s de 11.000 para 2017), de la especialidad oncol\u00f3gica.<\/p>\n","protected":false},"excerpt":{"rendered":"<p>El Centro Oncol\u00f3gico Norte, tiene una producci\u00f3n total aproximada de m\u00e1s de 8.000 prestaciones por a\u00f1o, (se proyectan m\u00e1s de 11.000 para 2017), de la especialidad oncol\u00f3gica.<\/p>\n","protected":false},"author":1,"featured_media":91,"parent":0,"menu_order":0,"comment_status":"closed","ping_status":"closed","template":"","meta":{"footnotes":""},"class_list":["post-47","page","type-page","status-publish","has-post-thumbnail","hentry"],"_links":{"self":[{"href":"https:\/\/centrooncologicodelnorte.cl\/index.php?rest_route=\/wp\/v2\/pages\/47","targetHints":{"allow":["GET"]}}],"collection":[{"href":"https:\/\/centrooncologicodelnorte.cl\/index.php?rest_route=\/wp\/v2\/pages"}],"about":[{"href":"https:\/\/centrooncologicodelnorte.cl\/index.php?rest_route=\/wp\/v2\/types\/page"}],"author":[{"embeddable":true,"href":"https:\/\/centrooncologicodelnorte.cl\/index.php?rest_route=\/wp\/v2\/users\/1"}],"replies":[{"embeddable":true,"href":"https:\/\/centrooncologicodelnorte.cl\/index.php?rest_route=%2Fwp%2Fv2%2Fcomments&post=47"}],"version-history":[{"count":3,"href":"https:\/\/centrooncologicodelnorte.cl\/index.php?rest_route=\/wp\/v2\/pages\/47\/revisions"}],"predecessor-version":[{"id":95,"href":"https:\/\/centrooncologicodelnorte.cl\/index.php?rest_route=\/wp\/v2\/pages\/47\/revisions\/95"}],"wp:featuredmedia":[{"embeddable":true,"href":"https:\/\/centrooncologicodelnorte.cl\/index.php?rest_route=\/wp\/v2\/media\/91"}],"wp:attachment":[{"href":"https:\/\/centrooncologicodelnorte.cl\/index.php?rest_route=%2Fwp%2Fv2%2Fmedia&parent=47"}],"curies":[{"name":"wp","href":"https:\/\/api.w.org\/{rel}","templated":true}]}}