{"id":29,"date":"2018-01-04T12:33:37","date_gmt":"2018-01-04T12:33:37","guid":{"rendered":"http:\/\/centrooncologicodelnorte.cl\/?page_id=29"},"modified":"2026-05-04T14:26:51","modified_gmt":"2026-05-04T14:26:51","slug":"conozcanos","status":"publish","type":"page","link":"https:\/\/centrooncologicodelnorte.cl\/?page_id=29","title":{"rendered":"Quienes Somos"},"content":{"rendered":"\n<p>El Centro Oncol\u00f3gico del Norte (CON) es un establecimiento p\u00fablico de salud de alta complejidad, referente de la Macrozona Norte del pa\u00eds en el tratamiento integral de pacientes adultos con c\u00e1ncer.<\/p>\n\n\n\n<p>Como instituci\u00f3n especializada, forma parte de la Red Asistencial del Servicio de Salud Antofagasta y contribuye al desarrollo de la Red Oncol\u00f3gica que abarca las regiones de Arica y Parinacota, Tarapac\u00e1, Antofagasta y Atacama, entregando atenci\u00f3n cl\u00ednica especializada, oportuna y resolutiva a los habitantes del norte de Chile.<\/p>\n\n\n\n<p>El CON se consolida a partir de la integraci\u00f3n del Centro Asistencial Norte, fundado en 2007, y el Centro Oncol\u00f3gico de Antofagasta, inaugurado en 2010. Este proceso permiti\u00f3 articular prestaciones de apoyo cl\u00ednico, atenci\u00f3n ambulatoria, urgencia, radioterapia, quimioterapia y cuidados paliativos, fortaleciendo progresivamente su rol como establecimiento especializado en oncolog\u00eda.<\/p>\n\n\n\n<p>Actualmente, el centro cuenta con unidades de alta complejidad como Radioterapia, Braquiterapia, Quimioterapia, Alivio del Dolor y Cuidados Paliativos, adem\u00e1s de servicios de apoyo cl\u00ednico como Imagenolog\u00eda, Laboratorio Cl\u00ednico, Farmacia, Nutrici\u00f3n, Psicolog\u00eda Cl\u00ednica, Medicina F\u00edsica y Atenci\u00f3n Social.<\/p>\n\n\n\n<p>Su funcionamiento se organiza bajo una Direcci\u00f3n estrat\u00e9gica, una Subdirecci\u00f3n M\u00e9dica orientada a la gesti\u00f3n cl\u00ednica y continuidad del cuidado, y una Subdirecci\u00f3n Administrativa encargada del soporte operacional, financiero, log\u00edstico y de recursos humanos necesario para el cumplimiento de la misi\u00f3n institucional.<\/p>\n\n\n\n<p>El CON trabaja coordinadamente con los establecimientos de la red del Servicio de Salud Antofagasta, entre ellos el Hospital Regional de Antofagasta, el Hospital de Calama, el Hospital de Tocopilla, el Hospital de Taltal y el Hospital de Mejillones, fortaleciendo la respuesta p\u00fablica frente al c\u00e1ncer en la zona norte del pa\u00eds.<\/p>\n","protected":false},"excerpt":{"rendered":"<p>El Centro Oncol\u00f3gico del Norte (CON) es un establecimiento p\u00fablico de salud de alta complejidad, referente de la Macrozona Norte del pa\u00eds en el tratamiento integral de pacientes adultos con c\u00e1ncer. Como instituci\u00f3n especializada, forma parte de la Red Asistencial del Servicio de Salud Antofagasta y contribuye al desarrollo de la Red Oncol\u00f3gica que abarca [&hellip;]<\/p>\n","protected":false},"author":1,"featured_media":1875,"parent":0,"menu_order":0,"comment_status":"closed","ping_status":"closed","template":"","meta":{"footnotes":""},"class_list":["post-29","page","type-page","status-publish","has-post-thumbnail","hentry"],"_links":{"self":[{"href":"https:\/\/centrooncologicodelnorte.cl\/index.php?rest_route=\/wp\/v2\/pages\/29","targetHints":{"allow":["GET"]}}],"collection":[{"href":"https:\/\/centrooncologicodelnorte.cl\/index.php?rest_route=\/wp\/v2\/pages"}],"about":[{"href":"https:\/\/centrooncologicodelnorte.cl\/index.php?rest_route=\/wp\/v2\/types\/page"}],"author":[{"embeddable":true,"href":"https:\/\/centrooncologicodelnorte.cl\/index.php?rest_route=\/wp\/v2\/users\/1"}],"replies":[{"embeddable":true,"href":"https:\/\/centrooncologicodelnorte.cl\/index.php?rest_route=%2Fwp%2Fv2%2Fcomments&post=29"}],"version-history":[{"count":5,"href":"https:\/\/centrooncologicodelnorte.cl\/index.php?rest_route=\/wp\/v2\/pages\/29\/revisions"}],"predecessor-version":[{"id":2253,"href":"https:\/\/centrooncologicodelnorte.cl\/index.php?rest_route=\/wp\/v2\/pages\/29\/revisions\/2253"}],"wp:featuredmedia":[{"embeddable":true,"href":"https:\/\/centrooncologicodelnorte.cl\/index.php?rest_route=\/wp\/v2\/media\/1875"}],"wp:attachment":[{"href":"https:\/\/centrooncologicodelnorte.cl\/index.php?rest_route=%2Fwp%2Fv2%2Fmedia&parent=29"}],"curies":[{"name":"wp","href":"https:\/\/api.w.org\/{rel}","templated":true}]}}