{"id":155,"date":"2018-01-11T14:48:41","date_gmt":"2018-01-11T14:48:41","guid":{"rendered":"http:\/\/centrooncologicodelnorte.cl\/?page_id=155"},"modified":"2018-01-11T14:48:41","modified_gmt":"2018-01-11T14:48:41","slug":"preguntas-para-su-enfermera-y-medico","status":"publish","type":"page","link":"https:\/\/centrooncologicodelnorte.cl\/?page_id=155","title":{"rendered":"Preguntas para su Enfermera y M\u00e9dico"},"content":{"rendered":"<p style=\"padding-left: 30px;\">\u2022 \u00bfCu\u00e1les son los riesgos de la quimioterapia?<\/p>\n<p style=\"padding-left: 30px;\">\u2022 \u00bfQu\u00e9 droga o drogas me aplicar\u00e1n?<\/p>\n<p style=\"padding-left: 30px;\">\u2022 \u00bfC\u00f3mo me administrar\u00e1n esas drogas?<\/p>\n<p style=\"padding-left: 30px;\">\u2022 \u00bfD\u00f3nde recibir\u00e9 mi tratamiento?<\/p>\n<p style=\"padding-left: 30px;\">\u2022 \u00bfCu\u00e1nto tiempo durar\u00e1 mi\u00a0 \u00a0tratamiento?<\/p>\n<p style=\"padding-left: 30px;\">\u2022 \u00bfCu\u00e1les ser\u00e1n los posibles efectos secundarios?<\/p>\n<p style=\"padding-left: 30px;\">\u2022 \u00bfExiste alg\u00fan efecto secundario que deba avisar inmediatamente?<\/p>\n<p style=\"padding-left: 30px;\">\u2022 \u00bfExiste alg\u00fan otro m\u00e9todo de tratamiento para mi tipo de c\u00e1ncer?<\/p>\n<p>Esta lista s\u00f3lo es un comienzo. Usted siempre debe sentirse libre de preguntar a su m\u00e9dico o enfermera cualquier duda que desee aclarar. Si usted no entiende las respuestas, siga preguntando.<\/p>\n<p><img loading=\"lazy\" decoding=\"async\" class=\"alignnone size-full wp-image-156\" src=\"http:\/\/centrooncologicodelnorte.cl\/wp-content\/uploads\/2018\/01\/recuerde.png\" alt=\"\" width=\"591\" height=\"99\" srcset=\"https:\/\/centrooncologicodelnorte.cl\/wp-content\/uploads\/2018\/01\/recuerde.png 591w, https:\/\/centrooncologicodelnorte.cl\/wp-content\/uploads\/2018\/01\/recuerde-300x50.png 300w\" sizes=\"auto, (max-width: 591px) 100vw, 591px\" \/><\/p>\n<p>Le sugerimos mantener una libreta en la que registre todas sus dudas, preguntas y temas que necesite conocer. Cuando hable con su m\u00e9dico p\u00eddale a un familiar\u00a0\u00a0 o amigo que lo acompa\u00f1e.<\/p>\n","protected":false},"excerpt":{"rendered":"<p>\u2022 \u00bfCu\u00e1les son los riesgos de la quimioterapia? \u2022 \u00bfQu\u00e9 droga o drogas me aplicar\u00e1n? \u2022 \u00bfC\u00f3mo me administrar\u00e1n esas drogas? \u2022 \u00bfD\u00f3nde recibir\u00e9 mi tratamiento? \u2022 \u00bfCu\u00e1nto tiempo durar\u00e1 mi\u00a0 \u00a0tratamiento? \u2022 \u00bfCu\u00e1les ser\u00e1n los posibles efectos secundarios? \u2022 \u00bfExiste alg\u00fan efecto secundario que deba avisar inmediatamente? \u2022 \u00bfExiste alg\u00fan otro m\u00e9todo de tratamiento [&hellip;]<\/p>\n","protected":false},"author":1,"featured_media":0,"parent":122,"menu_order":3,"comment_status":"closed","ping_status":"closed","template":"","meta":{"footnotes":""},"class_list":["post-155","page","type-page","status-publish","hentry"],"_links":{"self":[{"href":"https:\/\/centrooncologicodelnorte.cl\/index.php?rest_route=\/wp\/v2\/pages\/155","targetHints":{"allow":["GET"]}}],"collection":[{"href":"https:\/\/centrooncologicodelnorte.cl\/index.php?rest_route=\/wp\/v2\/pages"}],"about":[{"href":"https:\/\/centrooncologicodelnorte.cl\/index.php?rest_route=\/wp\/v2\/types\/page"}],"author":[{"embeddable":true,"href":"https:\/\/centrooncologicodelnorte.cl\/index.php?rest_route=\/wp\/v2\/users\/1"}],"replies":[{"embeddable":true,"href":"https:\/\/centrooncologicodelnorte.cl\/index.php?rest_route=%2Fwp%2Fv2%2Fcomments&post=155"}],"version-history":[{"count":1,"href":"https:\/\/centrooncologicodelnorte.cl\/index.php?rest_route=\/wp\/v2\/pages\/155\/revisions"}],"predecessor-version":[{"id":157,"href":"https:\/\/centrooncologicodelnorte.cl\/index.php?rest_route=\/wp\/v2\/pages\/155\/revisions\/157"}],"up":[{"embeddable":true,"href":"https:\/\/centrooncologicodelnorte.cl\/index.php?rest_route=\/wp\/v2\/pages\/122"}],"wp:attachment":[{"href":"https:\/\/centrooncologicodelnorte.cl\/index.php?rest_route=%2Fwp%2Fv2%2Fmedia&parent=155"}],"curies":[{"name":"wp","href":"https:\/\/api.w.org\/{rel}","templated":true}]}}