{"id":146,"date":"2018-01-11T14:39:56","date_gmt":"2018-01-11T14:39:56","guid":{"rendered":"http:\/\/centrooncologicodelnorte.cl\/?page_id=146"},"modified":"2018-01-11T14:40:10","modified_gmt":"2018-01-11T14:40:10","slug":"los-efectos-secundarios","status":"publish","type":"page","link":"https:\/\/centrooncologicodelnorte.cl\/?page_id=146","title":{"rendered":"Los Efectos Secundarios"},"content":{"rendered":"<p><strong>\u00bfPor qu\u00e9 se producen los efectos secundarios?<\/strong><\/p>\n<p>Las drogas quimioter\u00e1picas afectan tanto a las c\u00e9lulas malignas, como a las c\u00e9lulas normales que se multiplican r\u00e1pidamente y, cuando esto ocurre, aparecen los efectos secundarios.<\/p>\n<p>Pueden ser afectadas las c\u00e9lulas normales de crecimiento r\u00e1pido como las del tracto digestivo, sistema reproductor y en los fol\u00edculos pilosos.<\/p>\n<p>Los efectos secundarios m\u00e1s comunes de la quimioterapia incluyen: fatiga, cansancio, n\u00e1useas, v\u00f3mitos, p\u00e9rdida del cabello y alteraciones intestinales, entre otros.<\/p>\n<p><strong>\u00bfCu\u00e1nto tiempo duran los efectos secundarios?<\/strong><\/p>\n<p><strong>\u00a0<\/strong>El tiempo de recuperaci\u00f3n de los efectos secundarios var\u00eda de persona a persona y depende del estado general del paciente y del tipo de drogas que le haya sido administrado.<\/p>\n<p>Muchos efectos podr\u00edan desaparecer r\u00e1pidamente, otros pueden durar meses o a\u00f1os y algunos, incluso, pueden permanecer toda la vida. Pero recuerde que hay muchas personas que no presentan ning\u00fan problema a ra\u00edz de la quimioterapia. Actualmente, se han hecho importantes progresos para prevenir los efectos secundarios y se est\u00e1n utilizando medicamentos y nuevas t\u00e9cnicas que potencien los efectos que la quimioterapia sobre las c\u00e9lulas malignas, sin afectar las sanas.<\/p>\n<p><strong>\u00bfCu\u00e1les son los efectos secundarios m\u00e1s comunes y c\u00f3mo manejarlos?<\/strong><\/p>\n<p><strong>\u00a0<\/strong><strong>N\u00c1USEAS Y V\u00d3MITOS:<\/strong><\/p>\n<p>La quimioterapia puede causar n\u00e1useas o v\u00f3mitos. Esta reacci\u00f3n var\u00eda de persona a persona y de droga en droga. Por ejemplo, hay personas que nunca sienten n\u00e1useas ni vomitan. Otras presentan sensaci\u00f3n nauseosa leve la mayor parte del tiempo y otras la sienten intensamente por un tiempo limitado, durante o despu\u00e9s de la administraci\u00f3n del tratamiento. Incluso algunas personas se sienten mareadas por unas pocas horas o durante todo el d\u00eda.<\/p>\n<p>En caso de que presentara v\u00f3mitos por m\u00e1s de un d\u00eda o si la sensaci\u00f3n nauseosa es tan intensa que no le permite ingerir l\u00edquidos, avise a su m\u00e9dico o enfermera.<\/p>\n<p>Las n\u00e1useas y v\u00f3mitos casi siempre pueden ser controladas o al menos disminuidas. Si usted presenta estos s\u00edntomas su m\u00e9dico y su enfermera elegir\u00e1n dentro de medicamentos denominados \u201cantiem\u00e9ticos\u201d (que ayudan a controlar las n\u00e1useas y v\u00f3mitos) el que obtenga mejor resultado.<\/p>\n<p>Tambi\u00e9n puede seguir las siguientes instrucciones:<\/p>\n<p style=\"padding-left: 30px;\">\u2022 Fraccione la comida durante el d\u00eda. Evite grandes comidas para que su est\u00f3mago no se sienta tan pesado.<\/p>\n<p style=\"padding-left: 30px;\">\u2022 Coma y beba lentamente.<\/p>\n<p style=\"padding-left: 30px;\">\u2022 Mastique bien sus comidas para una mejor digesti\u00f3n.<\/p>\n<p style=\"padding-left: 30px;\">\u2022 Evite comidas grasosas o muy condimentadas.<\/p>\n<p style=\"padding-left: 30px;\">\u2022 Ingiera alimentos de preferencia fr\u00edos o a temperatura ambiente.<\/p>\n<p style=\"padding-left: 30px;\">\u2022 Tome jugos fr\u00edos simples como manzana o uva y bebidas sin\u00a0\u00a0 \u00a0gas.<\/p>\n<p style=\"padding-left: 30px;\">\u2022 Ingiera cubos de hielo, mentas, agua de jengibre.<\/p>\n<p style=\"padding-left: 30px;\">\u2022 Trate de evitar olores que le incomoden: olor de comidas, cigarrillo, perfume, etc.<\/p>\n<p style=\"padding-left: 30px;\">\u2022 Descanse sentado despu\u00e9s de comer, pero no repose completamente si presenta n\u00e1useas en forma habitual durante la administraci\u00f3n de la quimioterapia.<\/p>\n<p style=\"padding-left: 30px;\">\u2022 Respire profunda y lentamente cuando sienta n\u00e1useas.<\/p>\n<p style=\"padding-left: 30px;\">\u2022 Distr\u00e1igase conversando con amigos y familiares, escuchando m\u00fasica, viendo TV, etc.<\/p>\n<p><strong>P\u00c9RDIDA DEL CABELLO<\/strong>:<\/p>\n<p>La p\u00e9rdida del cabello se denomina alopecia, es un efecto frecuente de la quimioterapia, pero no siempre ocurre. Su m\u00e9dico le dir\u00e1 si con la droga que va a recibir perder\u00e1 o no cabello. No ocurre inmediatamente, sino a las 2 \u00f3 3 semanas de administrado el tratamiento; la ca\u00edda del cabello puede ser gradual\u00a0\u00a0 o por \u00e1reas. No s\u00f3lo el cabello de la cabeza se puede ver afectado, sino que tambi\u00e9n el vello facial (cejas, pesta\u00f1as), de los brazos, de las piernas y de la\u00a0\u00a0 zona p\u00fabica.<\/p>\n<p>Para cuidar su cuero cabelludo durante la quimioterapia le\u00a0\u00a0 aconsejamos:<\/p>\n<p style=\"padding-left: 30px;\">\u2022 Use shampoo y cepillo de pelo\u00a0\u00a0 suave.<\/p>\n<p style=\"padding-left: 30px;\">\u2022 Seque su cabello con aire fr\u00edo.<\/p>\n<p style=\"padding-left: 30px;\">\u2022 Use sombrero o pa\u00f1oleta para proteger su cabeza del sol y\/o fr\u00edo<\/p>\n<p style=\"padding-left: 30px;\">\u2022 Si ha perdido todo su cabello, use protector solar o un bloqueador en esa zona.<\/p>\n<p><strong>EFECTOS EN M\u00c9DULA \u00d3SEA:<\/strong><\/p>\n<p>La quimioterapia puede disminuir la capacidad de la m\u00e9dula \u00f3sea para producir gl\u00f3bulos rojos, que son los encargados de llevar ox\u00edgeno a todos los tejidos del cuerpo. Cuando existen pocos gl\u00f3bulos rojos en la sangre los tejidos no tienen el ox\u00edgeno necesario para hacer su trabajo, esto se denomina ANEMIA.<\/p>\n<p>La anemia puede hacer que usted se sienta d\u00e9bil y cansado, otros s\u00edntomas incluyen v\u00e9rtigos, escalofr\u00edo o falta de aire. Al presentar estos s\u00edntomas recuerde consultar.<\/p>\n<p>Su m\u00e9dico solicitar\u00e1 control de Hemograma en forma frecuente durante su tratamiento, para cuantificar las c\u00e9lulas a nivel sangu\u00edneo. Si el recuento de gl\u00f3bulos rojos es bajo, puede que usted necesite una transfusi\u00f3n de sangre para que aumente su n\u00famero.<\/p>\n<p style=\"padding-left: 30px;\">\u2022 Si usted presenta anemia, para sentirse mejor siga algunos consejos tales como:<\/p>\n<p style=\"padding-left: 30px;\">\u2022 Descanse bastante, duerma m\u00e1s en la noche y si puede, tome siesta durante el d\u00eda<\/p>\n<p style=\"padding-left: 30px;\">\u2022 No realice grandes esfuerzos, haga s\u00f3lo las cosas que son m\u00e1s importantes para usted. No auto-exigirse<\/p>\n<p style=\"padding-left: 30px;\">\u2022 Ingiera dieta bien balanceada.<\/p>\n<p style=\"padding-left: 30px;\">\u2022 Cuando est\u00e9 sentado o recostado lev\u00e1ntese despacio, esto le ayudar\u00e1 a evitar v\u00e9rtigos.<\/p>\n<p style=\"padding-left: 30px;\">\u2022 No tenga miedo de buscar ayuda cuando lo necesite. Hable con sus familiares y amigos para poder contar con ellos en el cuidado de los ni\u00f1os, compras, trabajos caseros o conducir.<\/p>\n<p><strong>PROBLEMAS DE COAGULACI\u00d3N DE LA SANGRE:<\/strong><\/p>\n<p>Las drogas quimioter\u00e1picas pueden afectar la habilidad de la m\u00e9dula \u00f3sea de producir plaquetas y c\u00e9lulas sangu\u00edneas que ayudan a detener sangramientos haciendo que su sangre coagule. Si su sangre no tiene suficientes plaquetas usted puede presentar sangramientos o \u201cmoretones\u201d m\u00e1s f\u00e1cilmente que lo habitual.<\/p>\n<p>Informe a su m\u00e9dico o enfermera de cualquier herida o hematoma inesperado, peque\u00f1as manchas rojas en la piel, orina rojiza y\/o deposiciones negras o con sangre y sangramiento de sus enc\u00edas o nariz.<\/p>\n<p>Su m\u00e9dico solicitar\u00e1 un control de Hemograma con recuento de plaquetas en forma peri\u00f3dica. Si su nivel sangu\u00edneo de plaquetas est\u00e1 muy bajo su m\u00e9dico puede indicarle una transfusi\u00f3n para aumentar estos niveles o esperar unos d\u00edas para que este recuento se recupere.<\/p>\n<p>Si su nivel de plaquetas est\u00e1 bajo, estas recomendaciones le ayudar\u00e1n a evitar problemas:<\/p>\n<p style=\"padding-left: 30px;\">\u2022 No tome ning\u00fan medicamento sin antes consultar con su m\u00e9dico o enfermera. (esto incluye aspirina).<\/p>\n<p style=\"padding-left: 30px;\">\u2022 No ingiera bebidas alcoh\u00f3licas sin la autorizaci\u00f3n de su m\u00e9dico.<\/p>\n<p style=\"padding-left: 30px;\">\u2022 Use un cepillo de dientes de cerdas suaves.<\/p>\n<p style=\"padding-left: 30px;\">\u2022 Limpie su nariz son\u00e1ndose suavemente con pa\u00f1uelos desechables.<\/p>\n<p style=\"padding-left: 30px;\">\u2022 Tenga cuidado de no cortarse o herirse cuando use tijeras, agujas, cuchillos u otras herramientas.<\/p>\n<p style=\"padding-left: 30px;\">\u2022 Tenga cuidado de no quemarse cuando est\u00e9 planchando o cocinando. Use guantes forrados cuando use el horno.<\/p>\n<p style=\"padding-left: 30px;\">\u2022 Evite deportes rudos y otras actividades que pueden resultar da\u00f1inas<\/p>\n<p><strong>PROBLEMAS EN LA BOCA, ENC\u00cdAS Y GARGANTA:<\/strong><\/p>\n<p>Un buen cuidado bucal es importante durante su tratamiento pues las drogas quimioter\u00e1picas a veces ocasionan molestias en la boca y garganta, produciendo sequedad, irritaci\u00f3n y\/o sangramiento de las mucosas. Adem\u00e1s de ser dolorosas, las lesiones de la boca pueden infectarse por g\u00e9rmenes habituales. Recuerde que durante la QMT las infecciones son m\u00e1s dif\u00edciles de combatir, por lo tanto, es importante tomar todos los cuidados necesarios para prevenirlas.<\/p>\n<p><strong>Algunas sugerencias para mantener su boca, enc\u00edas y garganta saludables:<\/strong><\/p>\n<p style=\"padding-left: 30px;\">\u2022 Si es posible, visite a su dentista antes de comenzar la quimioterapia para tener sus dientes sanos y tratar cualquier problema de abscesos, enfermedades de las enc\u00edas, etc. Pregunte a su dentista por la t\u00e9cnica de cepillado y el cepillo de dientes m\u00e1s apropiado para mantener una buena higiene durante la quimioterapia.<\/p>\n<p style=\"padding-left: 30px;\">\u2022 Cepille sus dientes y enc\u00edas despu\u00e9s de cada comida, usando un cepillo\u00a0 suave.<\/p>\n<p style=\"padding-left: 30px;\">\u2022 Enjuague bien su cepillo de dientes despu\u00e9s de cada uso y gu\u00e1rdelo en un lugar seco.<\/p>\n<p style=\"padding-left: 30px;\">\u2022 No utilice enjuagues bucales comerciales que contengan una gran cantidad de sal y alcohol. Pregunte a su m\u00e9dico o enfermera acerca de qu\u00e9 enjuagues bucales puede usar.<\/p>\n<p>Si usted desarrolla lesiones bucales, comun\u00edquese con su m\u00e9dico o enfermera porque puede necesitar tratamiento para las lesiones. Si son dolorosas y le dificultan comer, puede seguir los siguientes consejos:<\/p>\n<p style=\"padding-left: 30px;\">\u2022 Pregunte a su m\u00e9dico o enfermera qu\u00e9 puede aplicarse directamente en las lesiones para aliviar el dolor.<\/p>\n<p style=\"padding-left: 30px;\">\u2022 Ingiera comidas fr\u00edas o a temperatura ambiente. Las comidas calientes y tibias pueden irritar m\u00e1s su boca y garganta.<\/p>\n<p style=\"padding-left: 30px;\">\u2022 Elija comidas suaves y agradables tales como helado, batidos, colados para beb\u00e9s, frutas suaves (pl\u00e1tanos, compotas o mermeladas de frutas), pur\u00e9 de papas, fideos cocidos, flanes, budines y gelatinas. Tambi\u00e9n puede utilizar la licuadora para hacer pur\u00e9 de las comidas cocidas, as\u00ed quedar\u00e1n m\u00e1s suaves y f\u00e1ciles de comer.<\/p>\n<p style=\"padding-left: 30px;\">\u2022 Evite los alimentos irritantes y \u00e1cidos tales como tomates, frutas c\u00edtricas y jugo de frutas (naranja, uvas y lim\u00f3n). Tambi\u00e9n la comida muy sazonada, dura o seca como vegetales crudos y tostadas.<\/p>\n<p>Si siente sequedad o malestar en la boca o tiene dificultad para comer, tome en cuenta estas sugerencias:<\/p>\n<p style=\"padding-left: 30px;\">\u2022 Ingiera abundante l\u00edquido.<\/p>\n<p style=\"padding-left: 30px;\">\u2022 Humedezca las comidas secas con mantequilla, margarina, jugos, salsas, caldos o l\u00edquidos suaves.<\/p>\n<p style=\"padding-left: 30px;\">\u2022 Ingiera comidas suaves y pur\u00e9.<\/p>\n<p style=\"padding-left: 30px;\">\u2022 Si sus labios se ponen secos puede usar alg\u00fan b\u00e1lsamo como la vaselina, para evitar que se agrieten.<\/p>\n<p><img loading=\"lazy\" decoding=\"async\" class=\"alignnone size-full wp-image-148\" src=\"http:\/\/centrooncologicodelnorte.cl\/wp-content\/uploads\/2018\/01\/hidratacion.png\" alt=\"\" width=\"240\" height=\"175\" \/><\/p>\n<p><strong>DIARREA<\/strong><\/p>\n<p>Cuando la quimioterapia afecta las c\u00e9lulas que cubren el intestino, el resultado puede ser diarrea (deposiciones l\u00edquidas y frecuentes). Si usted presenta diarrea que dure m\u00e1s de 24 horas, o si se acompa\u00f1a de dolor abdominal o calambres debe consultar. En caso necesario su m\u00e9dico le indicar\u00e1 alg\u00fan antidiarreico, sin embargo, usted no puede tomar ning\u00fan medicamento para detener la diarrea sin antes consultarle a su m\u00e9dico.<\/p>\n<p><strong>Estas sugerencias le ayudar\u00e1n a controlar la diarrea:<\/strong><\/p>\n<p style=\"padding-left: 30px;\">\u2022 Ingiera peque\u00f1as cantidades de comida frecuentemente.<\/p>\n<p style=\"padding-left: 30px;\">\u2022 Evite alimentos ricos en fibra que puedan producirle diarreas y calambres, esto incluye pan integral, cereales, frutas y verduras crudas, porotos, nueces, frutas frescas y secas. En su lugar ingiera alimentos con bajo contenido de fibras tales como pan blanco, arroz blanco o fideos, pl\u00e1tanos, frutas cocidas sin c\u00e1scara, pur\u00e9 de papas o papas cocidas, pollo o pavo sin piel.<\/p>\n<p style=\"padding-left: 30px;\">\u2022 Evite el caf\u00e9, t\u00e9, alcohol, frituras, grasas y comidas muy condimentadas por ser irritantes.<\/p>\n<p style=\"padding-left: 30px;\">\u2022 Evite la leche y productos l\u00e1cteos si acent\u00faan su\u00a0\u00a0 diarrea.<\/p>\n<p style=\"padding-left: 30px;\">\u2022 Una vez superado el per\u00edodo de diarrea agudo, coma alimentos ricos en potasio ya que la diarrea puede causar la p\u00e9rdida de este mineral tan importante (pl\u00e1tano, naranja, durazno son buenas fuentes de potasio).<\/p>\n<p style=\"padding-left: 30px;\">\u2022 Tome abundante l\u00edquido para recuperar lo perdido por la diarrea: bebidas claras tales como jugos de manzana, agua, t\u00e9 suave, sopas o gingerale. T\u00f3melos lentamente y a temperatura ambiente, deje que las bebidas carbonatadas pierdan el gas antes de beberlas.<\/p>\n<p style=\"padding-left: 30px;\">\u2022 Si su diarrea es muy severa su m\u00e9dico puede indicarle la administraci\u00f3n de hidratantes y nutrientes v\u00eda intravenosa para reponer el l\u00edquido perdido.<\/p>\n<p><strong>CONSTIPACI\u00d3N<\/strong><\/p>\n<p>Algunas personas que est\u00e1n en tratamiento con quimioterapia se vuelven constipados por efecto de las drogas, porque tienen menos actividad o porque est\u00e1n aliment\u00e1ndose menos de lo habitual. Si usted no obra por m\u00e1s de dos d\u00edas consulte con su m\u00e9dico ya que puede necesitar tomar un laxante o un acelerador del movimiento intestinal.<\/p>\n<p>Tenga presente estos consejos para manejar la constipaci\u00f3n:<\/p>\n<p style=\"padding-left: 30px;\">\u2022 Tome abundante l\u00edquido.<\/p>\n<p style=\"padding-left: 30px;\">\u2022 Ingiera muchos alimentos ricos en fibras tales como salvado de trigo, pan integral, frutas y verduras crudas o cocidas.<\/p>\n<p style=\"padding-left: 30px;\">\u2022 Mant\u00e9ngase activo, realice actividades simples como una\u00a0 \u00a0caminata.<\/p>\n<p><strong>EFECTOS SOBRE M\u00daSCULOS Y NERVIOS<\/strong><\/p>\n<p>La quimioterapia puede afectar los \u00f3rganos del sistema nervioso como, por ejemplo, una neuropat\u00eda perif\u00e9rica que se manifiesta a trav\u00e9s de una sensaci\u00f3n de hormigueo, ardor en el cuerpo, debilidad o adormecimiento en los dedos de las manos y\/o pies. Otros s\u00edntomas son: torpeza, perdida del equilibrio, dificultad al levantar objetos. Tambi\u00e9n algunas drogas quimioterapias pueden producir debilidad\u00a0\u00a0 muscular.<\/p>\n<p>Para tratar los efectos nerviosos y musculares act\u00fae con precauci\u00f3n y sentido com\u00fan. Si sus dedos se adormecen, sea cuidadoso cuando trabaje con objetos cortantes, calientes o peligrosos. Si su equilibrio o fuerza muscular se ve afectada, evite ca\u00eddas movi\u00e9ndose cuidadosamente, use antideslizantes en la ducha o ba\u00f1era, no use zapatos resbaladizos.<\/p>\n<p><strong>EFECTOS EN PIEL Y U\u00d1AS<\/strong><\/p>\n<p><strong>\u00a0<\/strong>Los posibles efectos secundarios en la piel, cuando est\u00e9 en quimioterapia, incluyen enrojecimiento, inflamaci\u00f3n, sequedad y acn\u00e9. Sus u\u00f1as pueden oscurecerse, quemarse o agrietarse.<\/p>\n<p>Si presenta algunos de estos problemas avise a su m\u00e9dico y aplique cremas hidratantes hipo alerg\u00e9nicas en su piel para mantener su suavidad. Puede fortalecer sus u\u00f1as con productos que se usan para este fin, pero mant\u00e9ngase alerta por si presenta signos de irritaci\u00f3n por el uso de\u00a0\u00a0 ellos.<\/p>\n<p>Proteja sus u\u00f1as usando guantes cuando lave loza, realice actividades de jardiner\u00eda o desarrolle otro trabajo en la casa.<\/p>\n<p>Ciertas drogas quimioter\u00e1picas que son aplicadas en forma intravenosa pueden producir oscurecimiento en la piel. Esto usualmente desaparece pocos meses despu\u00e9s de finalizado el tratamiento.<\/p>\n<p>La exposici\u00f3n solar puede incrementar los efectos que alguna droga quimioter\u00e1pica pueda causar en su piel, converse con su m\u00e9dico o enfermera sobre el uso de cremas bloqueadoras solares con un factor de protecci\u00f3n para la piel (mayor a\u00a0\u00a0 30).<\/p>\n<p>Evite estar directamente bajo los rayos solares, use camisas de algod\u00f3n de mangas largas, sombreros y pantalones para bloquear el sol.<\/p>\n<p><img loading=\"lazy\" decoding=\"async\" class=\"alignnone size-full wp-image-149\" src=\"http:\/\/centrooncologicodelnorte.cl\/wp-content\/uploads\/2018\/01\/cuidado-piel.png\" alt=\"\" width=\"460\" height=\"276\" srcset=\"https:\/\/centrooncologicodelnorte.cl\/wp-content\/uploads\/2018\/01\/cuidado-piel.png 460w, https:\/\/centrooncologicodelnorte.cl\/wp-content\/uploads\/2018\/01\/cuidado-piel-300x180.png 300w\" sizes=\"auto, (max-width: 460px) 100vw, 460px\" \/><\/p>\n<p><strong>EFECTOS EN RI\u00d1\u00d3N Y VEJIGA<\/strong><\/p>\n<p>Algunas drogas quimioter\u00e1picas pueden provocar irritaci\u00f3n en la vejiga o causar da\u00f1os a los ri\u00f1ones en forma transitoria o permanente. Aseg\u00farese de preguntar a su m\u00e9dico si las drogas que le aplican producen estos efectos y notifique a su m\u00e9dico cualquier s\u00edntoma que pueda indicar problemas.<\/p>\n<p>Entre los s\u00edntomas a observar est\u00e1n:<\/p>\n<p style=\"padding-left: 30px;\">\u2022 Orinar en forma frecuente.<\/p>\n<p style=\"padding-left: 30px;\">\u2022 Dolor o ardor al orinar.<\/p>\n<p style=\"padding-left: 30px;\">\u2022 Sensaci\u00f3n de urgencia por orinar.<\/p>\n<p style=\"padding-left: 30px;\">\u2022 Presencia de sangre en la orina.<\/p>\n<p style=\"padding-left: 30px;\">\u2022 Fiebre.<\/p>\n<p style=\"padding-left: 30px;\">\u2022 Escalofr\u00edo.<\/p>\n<p>En general es recomendable ingerir abundante l\u00edquido para asegurar un buen flujo urinario y ayudar a prevenir complicaciones. Recuerde que son considerados l\u00edquidos: agua, jugo, t\u00e9, sopa, bebidas, helados y\u00a0\u00a0\u00a0 jaleas.<\/p>\n<p>Usted debe tener presente que algunas drogas quimioter\u00e1picas cambian el color de la orina (naranja, roja o amarillo) o hacen que \u00e9sta tome un fuerte olor a medicamento por un corto tiempo.<\/p>\n<p><strong>ESTADO<\/strong> <strong>GRIPAL<\/strong><\/p>\n<p><strong>\u00a0<\/strong>Algunas personas sienten como si estuvieran agripadas por unas cuantas horas o d\u00edas despu\u00e9s de administrada la quimioterapia, los s\u00edntomas parecidos a una gripe ser\u00edan: dolores musculares, cansancio, decaimiento, n\u00e1useas y poco apetito. Puede durar de 1 a 3 d\u00edas.<\/p>\n<p><strong>\u00a0<\/strong><strong>RETENCI\u00d3N DE L\u00cdQUIDOS<\/strong><\/p>\n<p><strong>\u00a0<\/strong>Su cuerpo puede retener l\u00edquido cuando est\u00e9 administr\u00e1ndose la quimioterapia, esto puede deberse a los efectos propios de las drogas o a su enfermedad. Avise si advierte hinchaz\u00f3n o inflamaci\u00f3n en su cara, manos, pies o abdomen. Usted puede necesitar evitar la sal o, si el problema es severo, su m\u00e9dico podr\u00e1 indicar diur\u00e9ticos (medicamentos que ayudan a su organismo a eliminar el exceso de l\u00edquidos) pero no tome ning\u00fan diur\u00e9tico sin indicaci\u00f3n\u00a0\u00a0\u00a0 m\u00e9dica.<\/p>\n<p><strong>EFECTOS SEXUALES<\/strong><\/p>\n<p>La quimioterapia algunas veces puede afectar los \u00f3rganos sexuales y su funcionamiento, tanto en hombres como en mujeres; esto depender\u00e1 del tipo de drogas utilizadas, de la edad y estado general de las\u00a0\u00a0 personas.<\/p>\n<p><strong>Hombres<\/strong><\/p>\n<p>Las drogas quimioter\u00e1picas pueden reducir el n\u00famero de espermatozoides, reducir su habilidad para desplazarse o causar otras anormalidades, lo que puede causar infertilidad temporal o permanente. La infertilidad afecta la habilidad de un hombre de ser padre, pero NO afecta su habilidad de tener relaciones\u00a0\u00a0 sexuales.<\/p>\n<p>Dado que la esterilidad permanente puede ocurrir, es importante discutir este tema con su m\u00e9dico antes de iniciar la quimioterapia. Si usted lo desea, puede considerar el banco de esperma, proceso que congela su semen para un uso futuro.<\/p>\n<p>Debido al nocivo efecto de las drogas en los cromosomas es recomendable el control de natalidad. Conv\u00e9rselo con su pareja y su m\u00e9dico\u00a0\u00a0 tratante.<\/p>\n<p><strong>Mujeres<\/strong><\/p>\n<p>Las drogas quimioter\u00e1picas pueden da\u00f1ar los ovarios y reducir los niveles de hormonas. Como resultado, algunas mujeres encuentran que sus per\u00edodos menstruales comienzan a ser irregulares o ausentes durante la quimioterapia. Los efectos hormonales de la quimioterapia tambi\u00e9n pueden causar s\u00edntomas similares a la menopausia como: bochornos, ardor o sequedad de la mucosa vaginal. El cambio en estos tejidos vaginales puede hacer a la mujer m\u00e1s vulnerable a infecciones. Como prevenci\u00f3n evite lubricantes vaginales, use ropa interior de algod\u00f3n y no use ropa ajustada. Si presenta infecci\u00f3n, es necesario ser tratada inmediatamente.<\/p>\n<p>El da\u00f1o de los ovarios puede causar infertilidad (la imposibilidad de quedar embarazada). Esta condici\u00f3n puede ser temporal o permanente y esto depende de factores tales como: tipo de droga, dosis administrada y edad.<\/p>\n<p>Como medida de protecci\u00f3n se tomar\u00e1 un test de embarazo a toda mujer en edad f\u00e9rtil, previo al inicio de su quimioterapia y se repetir\u00e1 peri\u00f3dicamente durante el tratamiento.<\/p>\n<p>Si una mujer est\u00e1 embarazada cuando se le diagnostica c\u00e1ncer, es posible retrasar el inicio de la quimioterapia hasta que el ni\u00f1o nazca. En caso de que sea necesario comenzar con el tratamiento lo antes posible, su m\u00e9dico puede sugerir comenzar la quimioterapia despu\u00e9s de la doceava semana de embarazo, cuando el feto est\u00e9 lejos de la etapa de riesgo.<\/p>\n<p><strong>Sexualidad<\/strong><\/p>\n<p>Los sentimientos y actitudes sexuales var\u00edan entre las personas durante la quimioterapia.<\/p>\n<p>Muchos sienten que necesitan estar m\u00e1s cerca que nunca de su pareja y tienen un incremento de deseos por la actividad sexual. Otros encuentran que su inter\u00e9s sexual declina a causa del stress f\u00edsico y emocional que produce el tener c\u00e1ncer\u00a0\u00a0 y recibir quimioterapia. Este stress puede incluir inquietud acerca de los cambios en la apariencia, ansiedad acerca de la salud, de la familia, problemas econ\u00f3micos o efectos secundarios, incluyendo fatiga y cambios hormonales.<\/p>\n<p>Los miedos de la pareja tambi\u00e9n pueden afectar las relaciones sexuales. Algunos pueden inquietarse de que la actividad f\u00edsica puede da\u00f1ar a la persona con c\u00e1ncer; otras temen que pueden contagiarse del c\u00e1ncer o ser afectados por las drogas. Muchos de estos temas pueden ser aclarados hablando acerca de lo que no comprende. Ambos pueden sentirse libres de discutir este tema con su m\u00e9dico o enfermera, quienes podr\u00e1n darle la orientaci\u00f3n que necesiten.<\/p>\n<p>La pareja puede conversar sobre los sentimientos de cada uno. Para algunas personas conversar estos temas puede transformarse en una dificultad y tal vez necesiten de la ayuda de un profesional que los ayude a comunicarse abiertamente sobre la sexualidad y el c\u00e1ncer. Entre los profesionales que pueden apoyarlos se encuentras psiquiatras, psic\u00f3logos, consejeros matrimoniales y terapeutas sexuales.<\/p>\n","protected":false},"excerpt":{"rendered":"<p>\u00bfPor qu\u00e9 se producen los efectos secundarios? Las drogas quimioter\u00e1picas afectan tanto a las c\u00e9lulas malignas, como a las c\u00e9lulas normales que se multiplican r\u00e1pidamente y, cuando esto ocurre, aparecen los efectos secundarios. Pueden ser afectadas las c\u00e9lulas normales de crecimiento r\u00e1pido como las del tracto digestivo, sistema reproductor y en los fol\u00edculos pilosos. Los [&hellip;]<\/p>\n","protected":false},"author":1,"featured_media":0,"parent":122,"menu_order":1,"comment_status":"closed","ping_status":"closed","template":"","meta":{"footnotes":""},"class_list":["post-146","page","type-page","status-publish","hentry"],"_links":{"self":[{"href":"https:\/\/centrooncologicodelnorte.cl\/index.php?rest_route=\/wp\/v2\/pages\/146","targetHints":{"allow":["GET"]}}],"collection":[{"href":"https:\/\/centrooncologicodelnorte.cl\/index.php?rest_route=\/wp\/v2\/pages"}],"about":[{"href":"https:\/\/centrooncologicodelnorte.cl\/index.php?rest_route=\/wp\/v2\/types\/page"}],"author":[{"embeddable":true,"href":"https:\/\/centrooncologicodelnorte.cl\/index.php?rest_route=\/wp\/v2\/users\/1"}],"replies":[{"embeddable":true,"href":"https:\/\/centrooncologicodelnorte.cl\/index.php?rest_route=%2Fwp%2Fv2%2Fcomments&post=146"}],"version-history":[{"count":2,"href":"https:\/\/centrooncologicodelnorte.cl\/index.php?rest_route=\/wp\/v2\/pages\/146\/revisions"}],"predecessor-version":[{"id":150,"href":"https:\/\/centrooncologicodelnorte.cl\/index.php?rest_route=\/wp\/v2\/pages\/146\/revisions\/150"}],"up":[{"embeddable":true,"href":"https:\/\/centrooncologicodelnorte.cl\/index.php?rest_route=\/wp\/v2\/pages\/122"}],"wp:attachment":[{"href":"https:\/\/centrooncologicodelnorte.cl\/index.php?rest_route=%2Fwp%2Fv2%2Fmedia&parent=146"}],"curies":[{"name":"wp","href":"https:\/\/api.w.org\/{rel}","templated":true}]}}