{"id":139,"date":"2018-01-11T14:14:31","date_gmt":"2018-01-11T14:14:31","guid":{"rendered":"http:\/\/centrooncologicodelnorte.cl\/?page_id=139"},"modified":"2018-01-11T14:14:31","modified_gmt":"2018-01-11T14:14:31","slug":"el-paciente-oncologico","status":"publish","type":"page","link":"https:\/\/centrooncologicodelnorte.cl\/?page_id=139","title":{"rendered":"El Paciente Oncologico"},"content":{"rendered":"<p><strong>La quimioterapia puede hacerlo m\u00e1s propenso a las infecciones. Esto sucede porque la mayor\u00eda de las drogas quimioter\u00e1picas afectan a la m\u00e9dula \u00f3sea y disminuyen su capacidad de producir gl\u00f3bulos blancos, que son los encargados de combatir infecciones. Una infecci\u00f3n se puede originar en cualquier parte del cuerpo incluyendo la boca, piel, v\u00edas respiratorias, v\u00edas urinarias, intestino y \u00f3rganos reproductores.<\/strong><\/p>\n<p>A menudo, previo a los ciclos de quimioterapia, su m\u00e9dico controlar\u00e1 un hemograma que indicar\u00e1 el nivel de gl\u00f3bulos blancos en la sangre.<\/p>\n<p>Cuando sus niveles de gl\u00f3bulos blancos se encuentren m\u00e1s bajos de lo normal, es muy importante que trate de prevenir infecciones teniendo presente las siguientes recomendaciones:<\/p>\n<p style=\"padding-left: 30px;\">\u2022 Durante el d\u00eda lave sus manos a menudo, especialmente antes de comer o despu\u00e9s de ir al ba\u00f1o.<\/p>\n<p style=\"padding-left: 30px;\">\u2022 Lave cuidadosamente la zona perineal cada vez que obre, avise a su m\u00e9dico o enfermera si tiene hemorroides o si comienza a irritarse la zona. Consulte previamente la utilizaci\u00f3n de supositorios o enemas, nunca administrar sin indicaci\u00f3n m\u00e9dica.<\/p>\n<p style=\"padding-left: 30px;\">\u2022 Al\u00e9jese de personas que\u00a0\u00a0 presenten\u00a0\u00a0 enfermedades\u00a0\u00a0 contagiosas\u00a0\u00a0 como: resfr\u00edos, gripe, sarampi\u00f3n o varicela. Tambi\u00e9n trate de evitar las multitudes, especialmente en lugares cerrados.<\/p>\n<p style=\"padding-left: 30px;\">\u2022 Evite contacto con ni\u00f1os que han recibido vacunas recientemente (polio, sarampi\u00f3n).<\/p>\n<p style=\"padding-left: 30px;\">\u2022 No corte o tire las cut\u00edculas de sus\u00a0 \u00a0u\u00f1as.<\/p>\n<p style=\"padding-left: 30px;\">\u2022 Cuide de no cortarse ni herirse cuando utilice tijeras, agujas o cuchillos.<\/p>\n<p style=\"padding-left: 30px;\">\u2022 Use una afeitadora el\u00e9ctrica en vez de una rasuradora para prevenir cortes.<\/p>\n<p style=\"padding-left: 30px;\">\u2022 Use un cepillo de dientes suave que no da\u00f1e sus\u00a0 \u00a0enc\u00edas.<\/p>\n<p style=\"padding-left: 30px;\">\u2022 No apriete o rasque granos o espinillas en la piel. Tome ba\u00f1os tibios (no calientes), duchas o ba\u00f1os de esponja todos los d\u00edas. Seque su piel con toques, no la frote.<\/p>\n<p style=\"padding-left: 30px;\">\u2022 Use cremas o aceites hipoalergizantes si su piel se vuelve seca y\u00a0\u00a0 \u00a0agrietada.<\/p>\n<p style=\"padding-left: 30px;\">\u2022 En caso de cortes o rasgu\u00f1os limpie bien con agua tibia y aplique alg\u00fan antis\u00e9ptico.<\/p>\n<p style=\"padding-left: 30px;\">\u2022 Use guantes de protecci\u00f3n cuando realice jardiner\u00eda o limpieza de animales.<\/p>\n<p style=\"padding-left: 30px;\">\u00a0\u2022 No reciba ninguna vacuna sin consultar previamente a su m\u00e9dico.<\/p>\n<p><img loading=\"lazy\" decoding=\"async\" class=\"alignnone size-full wp-image-140\" src=\"http:\/\/centrooncologicodelnorte.cl\/wp-content\/uploads\/2018\/01\/indicaciones.png\" alt=\"\" width=\"375\" height=\"233\" srcset=\"https:\/\/centrooncologicodelnorte.cl\/wp-content\/uploads\/2018\/01\/indicaciones.png 375w, https:\/\/centrooncologicodelnorte.cl\/wp-content\/uploads\/2018\/01\/indicaciones-300x186.png 300w\" sizes=\"auto, (max-width: 375px) 100vw, 375px\" \/><\/p>\n<p>La mayor\u00eda de las infecciones provienen de bacterias y microorganismos que se encuentran normalmente en la piel, intestinos y genitales. A menudo la causa de las infecciones puede ser desconocida, cuando sus niveles de gl\u00f3bulos blancos est\u00e1n bajos, su organismo est\u00e1 m\u00e1s indefenso para combatir infecciones. Teniendo presente estas recomendaciones tendr\u00e1 menos posibilidades de infectarse.<\/p>\n<p>Est\u00e9 alerta a signos de infecci\u00f3n que pueda presentar, observe su cuerpo frecuentemente con especial atenci\u00f3n a los ojos, nariz, boca, zona anal y genital y \u00e1rea del cat\u00e9ter.<\/p>\n<p><img loading=\"lazy\" decoding=\"async\" class=\"alignnone size-full wp-image-144\" src=\"http:\/\/centrooncologicodelnorte.cl\/wp-content\/uploads\/2018\/01\/sintomas-infeccion_2.png\" alt=\"\" width=\"627\" height=\"397\" srcset=\"https:\/\/centrooncologicodelnorte.cl\/wp-content\/uploads\/2018\/01\/sintomas-infeccion_2.png 627w, https:\/\/centrooncologicodelnorte.cl\/wp-content\/uploads\/2018\/01\/sintomas-infeccion_2-300x190.png 300w\" sizes=\"auto, (max-width: 627px) 100vw, 627px\" \/><\/p>\n<p>&nbsp;<\/p>\n","protected":false},"excerpt":{"rendered":"<p>La quimioterapia puede hacerlo m\u00e1s propenso a las infecciones. Esto sucede porque la mayor\u00eda de las drogas quimioter\u00e1picas afectan a la m\u00e9dula \u00f3sea y disminuyen su capacidad de producir gl\u00f3bulos blancos, que son los encargados de combatir infecciones. Una infecci\u00f3n se puede originar en cualquier parte del cuerpo incluyendo la boca, piel, v\u00edas respiratorias, v\u00edas [&hellip;]<\/p>\n","protected":false},"author":1,"featured_media":0,"parent":122,"menu_order":0,"comment_status":"closed","ping_status":"closed","template":"","meta":{"footnotes":""},"class_list":["post-139","page","type-page","status-publish","hentry"],"_links":{"self":[{"href":"https:\/\/centrooncologicodelnorte.cl\/index.php?rest_route=\/wp\/v2\/pages\/139","targetHints":{"allow":["GET"]}}],"collection":[{"href":"https:\/\/centrooncologicodelnorte.cl\/index.php?rest_route=\/wp\/v2\/pages"}],"about":[{"href":"https:\/\/centrooncologicodelnorte.cl\/index.php?rest_route=\/wp\/v2\/types\/page"}],"author":[{"embeddable":true,"href":"https:\/\/centrooncologicodelnorte.cl\/index.php?rest_route=\/wp\/v2\/users\/1"}],"replies":[{"embeddable":true,"href":"https:\/\/centrooncologicodelnorte.cl\/index.php?rest_route=%2Fwp%2Fv2%2Fcomments&post=139"}],"version-history":[{"count":1,"href":"https:\/\/centrooncologicodelnorte.cl\/index.php?rest_route=\/wp\/v2\/pages\/139\/revisions"}],"predecessor-version":[{"id":145,"href":"https:\/\/centrooncologicodelnorte.cl\/index.php?rest_route=\/wp\/v2\/pages\/139\/revisions\/145"}],"up":[{"embeddable":true,"href":"https:\/\/centrooncologicodelnorte.cl\/index.php?rest_route=\/wp\/v2\/pages\/122"}],"wp:attachment":[{"href":"https:\/\/centrooncologicodelnorte.cl\/index.php?rest_route=%2Fwp%2Fv2%2Fmedia&parent=139"}],"curies":[{"name":"wp","href":"https:\/\/api.w.org\/{rel}","templated":true}]}}