{"id":122,"date":"2018-01-11T14:05:33","date_gmt":"2018-01-11T14:05:33","guid":{"rendered":"http:\/\/centrooncologicodelnorte.cl\/?page_id=122"},"modified":"2018-01-11T15:04:57","modified_gmt":"2018-01-11T15:04:57","slug":"la-quimioterapia-y-usted","status":"publish","type":"page","link":"https:\/\/centrooncologicodelnorte.cl\/?page_id=122","title":{"rendered":"La Quimioterapia y Usted"},"content":{"rendered":"<p>Este manual le ayudar\u00e1 a usted, a su familia y amigos a entender lo que es la quimioterapia. Aqu\u00ed encontrar\u00e1 respuesta a todas las dudas que tienen relaci\u00f3n con este tratamiento del c\u00e1ncer. Recuerde que la atenci\u00f3n profesional especializada es su mejor aliado durante este proceso, por lo tanto, cualquier consulta sobre la quimioterapia y sus efectos secundarios debe dirigirla al profesional pertinente.<\/p>\n<p><strong>Existen diferentes formas para tratar el c\u00e1ncer, una de ellas es la QUIMIOTERAPIA.<\/strong><\/p>\n<p><strong>\u00bfQu\u00e9 es la quimioterapia y c\u00f3mo act\u00faa?<\/strong><\/p>\n<p>La quimioterapia consiste en la utilizaci\u00f3n de drogas o quimioter\u00e1picos que act\u00faan directamente sobre las c\u00e9lulas cancerosas, deteniendo as\u00ed su crecimiento y multiplicaci\u00f3n.<\/p>\n<p>Dependiendo del tipo de c\u00e1ncer y su etapa, la quimioterapia puede ser utilizada para:<\/p>\n<p style=\"padding-left: 30px;\">\u2022 Curar el c\u00e1ncer.<\/p>\n<p style=\"padding-left: 30px;\">\u2022 Detener la propagaci\u00f3n del c\u00e1ncer.<\/p>\n<p style=\"padding-left: 30px;\">\u2022 Disminuir el crecimiento de la masa\u00a0tumoral.<\/p>\n<p style=\"padding-left: 30px;\">\u2022 Eliminar las c\u00e9lulas malignas que puedan haberse propagado a otras\u00a0partes.<\/p>\n<p style=\"padding-left: 30px;\">\u2022 Aliviar s\u00edntomas causados por el c\u00e1ncer.<\/p>\n<p>A veces es necesario utilizar terapias combinadas como quimioterapia con la cirug\u00eda y\/o radioterapia con la terapia biol\u00f3gica para extraer el tumor, aliviar s\u00edntomas o para potenciar las defensas naturales del cuerpo contra el c\u00e1ncer.<\/p>\n<p><img loading=\"lazy\" decoding=\"async\" class=\"alignnone size-full wp-image-123\" src=\"http:\/\/centrooncologicodelnorte.cl\/wp-content\/uploads\/2018\/01\/qumioterapia.png\" alt=\"\" width=\"312\" height=\"272\" srcset=\"https:\/\/centrooncologicodelnorte.cl\/wp-content\/uploads\/2018\/01\/qumioterapia.png 312w, https:\/\/centrooncologicodelnorte.cl\/wp-content\/uploads\/2018\/01\/qumioterapia-300x262.png 300w\" sizes=\"auto, (max-width: 312px) 100vw, 312px\" \/><\/p>\n<p>&nbsp;<\/p>\n<p>\u00bfDe qu\u00e9 depende el tipo de droga que se utilizar\u00e1?<\/p>\n<p>El tipo de droga(s) que se utiliza(n) depende(n) de:<\/p>\n<p style=\"padding-left: 30px;\">\u2022 Condiciones generales del paciente (edad, sexo, peso, capacidad funcional etc.)<\/p>\n<p style=\"padding-left: 30px;\">\u2022 Resistencia del organismo.<\/p>\n<p style=\"padding-left: 30px;\">\u2022 Tipo de c\u00e1ncer.<\/p>\n<p style=\"padding-left: 30px;\">\u2022 Ubicaci\u00f3n del tumor.<\/p>\n<p style=\"padding-left: 30px;\">\u2022 Extensi\u00f3n del tumor.<\/p>\n<p>&nbsp;<\/p>\n<p><strong>\u00bfCon qu\u00e9 frecuencia, por cu\u00e1nto tiempo y d\u00f3nde recibir\u00e9 la Quimioterapia?<\/strong><\/p>\n<p>De acuerdo con los factores anteriores, el equipo m\u00e9dico que lo atiende determinar\u00e1 cada cierto tiempo y por cuantos d\u00edas deber\u00e1 realizar cada sesi\u00f3n de quimioterapia (diaria, semanal o mensualmente). Tambi\u00e9n se decidir\u00e1 si es necesaria la hospitalizaci\u00f3n durante el tratamiento de modo que su m\u00e9dico pueda observar c\u00f3mo reacciona a la quimioterapia o si puede recibirla en forma ambulatoria en la Unidad de Quimioterapia Ambulatoria del Centro del C\u00e1ncer.<\/p>\n<p>Durante el tratamiento de quimioterapia hay per\u00edodos de descanso durante los cuales su organismo tiene la oportunidad de producir c\u00e9lulas nuevas y sanas que le permitir\u00e1n recuperar fuerzas. A veces el tratamiento puede ser retrasado de acuerdo al resultado de ciertos ex\u00e1menes de sangre, indic\u00e1ndosele qu\u00e9 hacer durante este tiempo y cu\u00e1ndo ser\u00e1 conveniente recibir la siguiente sesi\u00f3n<\/p>\n<p><strong>\u00a0<img loading=\"lazy\" decoding=\"async\" class=\"alignnone size-full wp-image-124\" src=\"http:\/\/centrooncologicodelnorte.cl\/wp-content\/uploads\/2018\/01\/texto-quimio.png\" alt=\"\" width=\"591\" height=\"99\" srcset=\"https:\/\/centrooncologicodelnorte.cl\/wp-content\/uploads\/2018\/01\/texto-quimio.png 591w, https:\/\/centrooncologicodelnorte.cl\/wp-content\/uploads\/2018\/01\/texto-quimio-300x50.png 300w\" sizes=\"auto, (max-width: 591px) 100vw, 591px\" \/><\/strong><\/p>\n<p><strong>\u00bfC\u00f3mo recibir\u00e9 la Quimioterapia?<\/strong><\/p>\n<p>Las drogas utilizadas en la quimioterapia pueden administrarse de varias formas. Las m\u00e1s frecuentes son:<\/p>\n<p style=\"padding-left: 30px;\"><strong>1. V\u00eda Intravenosa (IV): <\/strong>A trav\u00e9s de un cat\u00e9ter que va conectado a una vena central. La utilizaci\u00f3n del cat\u00e9ter se recomienda para una administraci\u00f3n segura de la quimioterapia, y de este modo se evitar\u00e1n m\u00faltiples punciones y da\u00f1o a otras venas de los brazos.<\/p>\n<p style=\"padding-left: 30px;\"><strong>2. Oral (VO): <\/strong>En comprimidos, c\u00e1psulas o en forma l\u00edquida.<\/p>\n<p>&nbsp;<\/p>\n<p><strong>\u00bfPuedo tomar otros medicamentos durante la Quimioterapia?<\/strong><\/p>\n<p>Ya que algunos medicamentos pueden interferir con los efectos de la quimioterapia, se recomienda hacer una lista con los medicamentos que usted usa habitualmente y preguntarle al m\u00e9dico si puede o no continuar tom\u00e1ndolos.<\/p>\n<p><strong>\u00bfC\u00f3mo s\u00e9 si la Quimioterapia est\u00e1 funcionando?<\/strong><\/p>\n<p>Se tiende a creer que, si no se presentan efectos secundarios, como n\u00e1useas o p\u00e9rdida del cabello, se debe a que la quimioterapia no est\u00e1 dando resultado. Los efectos secundarios var\u00edan de persona a persona y de droga en droga, por lo que su presencia o ausencia no tienen relaci\u00f3n con la efectividad del tratamiento. Para evaluar la respuesta al tratamiento, su m\u00e9dico usar\u00e1 diferentes m\u00e9todos como: examen f\u00edsico, examen de sangre o de im\u00e1genes, entre otros. No dude en preguntarle a su m\u00e9dico por el resultado de estos ex\u00e1menes.<\/p>\n","protected":false},"excerpt":{"rendered":"<p>Este manual le ayudar\u00e1 a usted, a su familia y amigos a entender lo que es la quimioterapia. Aqu\u00ed encontrar\u00e1 respuesta a todas las dudas que tienen relaci\u00f3n con este tratamiento del c\u00e1ncer. Recuerde que la atenci\u00f3n profesional especializada es su mejor aliado durante este proceso, por lo tanto, cualquier consulta sobre la quimioterapia y [&hellip;]<\/p>\n","protected":false},"author":1,"featured_media":0,"parent":120,"menu_order":0,"comment_status":"closed","ping_status":"closed","template":"","meta":{"footnotes":""},"class_list":["post-122","page","type-page","status-publish","hentry"],"_links":{"self":[{"href":"https:\/\/centrooncologicodelnorte.cl\/index.php?rest_route=\/wp\/v2\/pages\/122","targetHints":{"allow":["GET"]}}],"collection":[{"href":"https:\/\/centrooncologicodelnorte.cl\/index.php?rest_route=\/wp\/v2\/pages"}],"about":[{"href":"https:\/\/centrooncologicodelnorte.cl\/index.php?rest_route=\/wp\/v2\/types\/page"}],"author":[{"embeddable":true,"href":"https:\/\/centrooncologicodelnorte.cl\/index.php?rest_route=\/wp\/v2\/users\/1"}],"replies":[{"embeddable":true,"href":"https:\/\/centrooncologicodelnorte.cl\/index.php?rest_route=%2Fwp%2Fv2%2Fcomments&post=122"}],"version-history":[{"count":15,"href":"https:\/\/centrooncologicodelnorte.cl\/index.php?rest_route=\/wp\/v2\/pages\/122\/revisions"}],"predecessor-version":[{"id":171,"href":"https:\/\/centrooncologicodelnorte.cl\/index.php?rest_route=\/wp\/v2\/pages\/122\/revisions\/171"}],"up":[{"embeddable":true,"href":"https:\/\/centrooncologicodelnorte.cl\/index.php?rest_route=\/wp\/v2\/pages\/120"}],"wp:attachment":[{"href":"https:\/\/centrooncologicodelnorte.cl\/index.php?rest_route=%2Fwp%2Fv2%2Fmedia&parent=122"}],"curies":[{"name":"wp","href":"https:\/\/api.w.org\/{rel}","templated":true}]}}