{"id":108,"date":"2018-01-10T17:56:03","date_gmt":"2018-01-10T17:56:03","guid":{"rendered":"http:\/\/centrooncologicodelnorte.cl\/?page_id=108"},"modified":"2026-05-04T15:36:42","modified_gmt":"2026-05-04T15:36:42","slug":"insercion-en-la-red-y-poblacion-que-atendemos","status":"publish","type":"page","link":"https:\/\/centrooncologicodelnorte.cl\/?page_id=108","title":{"rendered":"Inserci\u00f3n en la Red Y Poblaci\u00f3n que Atendemos"},"content":{"rendered":"<p>El Centro Oncol\u00f3gico del Norte ofrece tratamientos para patolog\u00edas oncol\u00f3gicas en adultos y se encuentra inserto en la red asistencial del Servicio de Salud Antofagasta.<\/p>\n<p>Es parte integral de la atenci\u00f3n secundaria, donde act\u00faa \u2013adem\u00e1s- como centro de referencia del c\u00e1ncer para toda la macro zona norte del pa\u00eds. Es decir, su cobertura abarca las regiones de Arica y Parinacota, Tarapac\u00e1, Antofagasta y Atacama<\/p>\n<p>&nbsp;<\/p>\n<p>&nbsp;<\/p>\n","protected":false},"excerpt":{"rendered":"<p>El Centro Oncol\u00f3gico del Norte ofrece tratamientos para patolog\u00edas oncol\u00f3gicas en adultos y se encuentra inserto en la red asistencial del Servicio de Salud Antofagasta. Es parte integral de la atenci\u00f3n secundaria, donde act\u00faa \u2013adem\u00e1s- como centro de referencia del c\u00e1ncer para toda la macro zona norte del pa\u00eds. Es decir, su cobertura abarca las [&hellip;]<\/p>\n","protected":false},"author":1,"featured_media":1996,"parent":29,"menu_order":1,"comment_status":"closed","ping_status":"closed","template":"","meta":{"footnotes":""},"class_list":["post-108","page","type-page","status-publish","has-post-thumbnail","hentry"],"_links":{"self":[{"href":"https:\/\/centrooncologicodelnorte.cl\/index.php?rest_route=\/wp\/v2\/pages\/108","targetHints":{"allow":["GET"]}}],"collection":[{"href":"https:\/\/centrooncologicodelnorte.cl\/index.php?rest_route=\/wp\/v2\/pages"}],"about":[{"href":"https:\/\/centrooncologicodelnorte.cl\/index.php?rest_route=\/wp\/v2\/types\/page"}],"author":[{"embeddable":true,"href":"https:\/\/centrooncologicodelnorte.cl\/index.php?rest_route=\/wp\/v2\/users\/1"}],"replies":[{"embeddable":true,"href":"https:\/\/centrooncologicodelnorte.cl\/index.php?rest_route=%2Fwp%2Fv2%2Fcomments&post=108"}],"version-history":[{"count":4,"href":"https:\/\/centrooncologicodelnorte.cl\/index.php?rest_route=\/wp\/v2\/pages\/108\/revisions"}],"predecessor-version":[{"id":2259,"href":"https:\/\/centrooncologicodelnorte.cl\/index.php?rest_route=\/wp\/v2\/pages\/108\/revisions\/2259"}],"up":[{"embeddable":true,"href":"https:\/\/centrooncologicodelnorte.cl\/index.php?rest_route=\/wp\/v2\/pages\/29"}],"wp:featuredmedia":[{"embeddable":true,"href":"https:\/\/centrooncologicodelnorte.cl\/index.php?rest_route=\/wp\/v2\/media\/1996"}],"wp:attachment":[{"href":"https:\/\/centrooncologicodelnorte.cl\/index.php?rest_route=%2Fwp%2Fv2%2Fmedia&parent=108"}],"curies":[{"name":"wp","href":"https:\/\/api.w.org\/{rel}","templated":true}]}}