{"id":100,"date":"2018-01-10T17:48:48","date_gmt":"2018-01-10T17:48:48","guid":{"rendered":"http:\/\/centrooncologicodelnorte.cl\/?page_id=100"},"modified":"2018-01-10T17:48:48","modified_gmt":"2018-01-10T17:48:48","slug":"policlinico-cae","status":"publish","type":"page","link":"https:\/\/centrooncologicodelnorte.cl\/?page_id=100","title":{"rendered":"Policlinico\/CAE"},"content":{"rendered":"<p>La unidad de Policl\u00ednico atiende a todos los pacientes que acuden a ingreso o control m\u00e9dico, es decir, pacientes en etapa de tratamiento o seguimiento de su enfermedad, cuenta con 3 M\u00e9dicos Radioterapeutas, 3 Onc\u00f3logos M\u00e9dicos y 1 m\u00e9dico internista\u00ad\u00ad\u00ad\u00ad\u00ad\u00ad\u00ad\u00ad\u00ad\u00ad\u00ad\u00ad\u00ad\u00ad\u00ad<span style=\"text-decoration: line-through;\">,<\/span> 1 Nutricionista, 3 psic\u00f3logos, adem\u00e1s de Enfermeras y T\u00e9cnicos de enfermer\u00eda nivel superior.<\/p>\n<p>El equipo de enfermer\u00eda debe velar por acoger al paciente y familia, responder inquietudes en relaci\u00f3n al proceso de enfermedad y tratamiento, resolver solicitudes del paciente e indicaciones m\u00e9dicas.<\/p>\n<p>Hoy en d\u00eda esta unidad se encuentra fusionada estructural y funcionalmente entre Policlinico de Centro Oncol\u00f3gico y CAE del Centro Asistencial Norte.\u00a0 Anualmente Se realizan aproximadamente 900 seguimientos de pacientes.<\/p>\n<p>Sala de curaciones: unidad encargada de dar respuesta a todos aquello pacientes que requieran de alg\u00fan tipo de curaci\u00f3n ya sea secundaria a alguna cirug\u00eda o bien alguna lesi\u00f3n secundaria a alg\u00fan tratamiento en curso. Cuenta con enfermeras y param\u00e9dicos.<\/p>\n<p>Sala de toma de muestras: unidad que recepciona a todo aquel paciente que requiera alg\u00fan estudio de laboratorio, las horas pueden ser solicitadas mediante sistema inform\u00e1tico del Centro Oncol\u00f3gico Norte.<\/p>\n","protected":false},"excerpt":{"rendered":"<p>La unidad de Policl\u00ednico atiende a todos los pacientes que acuden a ingreso o control m\u00e9dico, es decir, pacientes en etapa de tratamiento o seguimiento de su enfermedad, cuenta con 3 M\u00e9dicos Radioterapeutas, 3 Onc\u00f3logos M\u00e9dicos y 1 m\u00e9dico internista\u00ad\u00ad\u00ad\u00ad\u00ad\u00ad\u00ad\u00ad\u00ad\u00ad\u00ad\u00ad\u00ad\u00ad\u00ad, 1 Nutricionista, 3 psic\u00f3logos, adem\u00e1s de Enfermeras y T\u00e9cnicos de enfermer\u00eda nivel superior. El equipo [&hellip;]<\/p>\n","protected":false},"author":1,"featured_media":0,"parent":47,"menu_order":2,"comment_status":"closed","ping_status":"closed","template":"","meta":{"footnotes":""},"class_list":["post-100","page","type-page","status-publish","hentry"],"_links":{"self":[{"href":"https:\/\/centrooncologicodelnorte.cl\/index.php?rest_route=\/wp\/v2\/pages\/100","targetHints":{"allow":["GET"]}}],"collection":[{"href":"https:\/\/centrooncologicodelnorte.cl\/index.php?rest_route=\/wp\/v2\/pages"}],"about":[{"href":"https:\/\/centrooncologicodelnorte.cl\/index.php?rest_route=\/wp\/v2\/types\/page"}],"author":[{"embeddable":true,"href":"https:\/\/centrooncologicodelnorte.cl\/index.php?rest_route=\/wp\/v2\/users\/1"}],"replies":[{"embeddable":true,"href":"https:\/\/centrooncologicodelnorte.cl\/index.php?rest_route=%2Fwp%2Fv2%2Fcomments&post=100"}],"version-history":[{"count":1,"href":"https:\/\/centrooncologicodelnorte.cl\/index.php?rest_route=\/wp\/v2\/pages\/100\/revisions"}],"predecessor-version":[{"id":101,"href":"https:\/\/centrooncologicodelnorte.cl\/index.php?rest_route=\/wp\/v2\/pages\/100\/revisions\/101"}],"up":[{"embeddable":true,"href":"https:\/\/centrooncologicodelnorte.cl\/index.php?rest_route=\/wp\/v2\/pages\/47"}],"wp:attachment":[{"href":"https:\/\/centrooncologicodelnorte.cl\/index.php?rest_route=%2Fwp%2Fv2%2Fmedia&parent=100"}],"curies":[{"name":"wp","href":"https:\/\/api.w.org\/{rel}","templated":true}]}}